{"id":433,"date":"2022-01-30T20:27:29","date_gmt":"2022-01-30T19:27:29","guid":{"rendered":"https:\/\/scherz.pro\/?page_id=433"},"modified":"2022-02-15T22:23:23","modified_gmt":"2022-02-15T21:23:23","slug":"pogosta-vprasanja","status":"publish","type":"page","link":"https:\/\/scherz.pro\/en\/pogosta-vprasanja\/","title":{"rendered":"FAQ"},"content":{"rendered":"\t\t<div data-elementor-type=\"wp-page\" data-elementor-id=\"433\" class=\"elementor elementor-433\" data-elementor-post-type=\"page\">\n\t\t\t\t\t\t<section class=\"elementor-section elementor-top-section elementor-element elementor-element-326857af elementor-reverse-mobile elementor-section-boxed elementor-section-height-default elementor-section-height-default\" data-id=\"326857af\" data-element_type=\"section\" data-e-type=\"section\" data-settings=\"{&quot;background_background&quot;:&quot;classic&quot;}\">\n\t\t\t\t\t\t<div class=\"elementor-container elementor-column-gap-default\">\n\t\t\t\t\t<div class=\"elementor-column elementor-col-50 elementor-top-column elementor-element elementor-element-cd89402\" data-id=\"cd89402\" data-element_type=\"column\" data-e-type=\"column\">\n\t\t\t<div class=\"elementor-widget-wrap elementor-element-populated\">\n\t\t\t\t\t\t<div class=\"elementor-element elementor-element-6327c12a elementor-widget elementor-widget-heading\" data-id=\"6327c12a\" data-element_type=\"widget\" data-e-type=\"widget\" data-widget_type=\"heading.default\">\n\t\t\t\t<div class=\"elementor-widget-container\">\n\t\t\t\t\t<h1 class=\"elementor-heading-title elementor-size-default\">Pogosta vpra\u0161anja<\/h1>\t\t\t\t<\/div>\n\t\t\t\t<\/div>\n\t\t\t\t<div class=\"elementor-element elementor-element-929d8eb elementor-widget-divider--view-line elementor-widget elementor-widget-divider\" data-id=\"929d8eb\" data-element_type=\"widget\" data-e-type=\"widget\" data-widget_type=\"divider.default\">\n\t\t\t\t<div class=\"elementor-widget-container\">\n\t\t\t\t\t\t\t<div class=\"elementor-divider\">\n\t\t\t<span class=\"elementor-divider-separator\">\n\t\t\t\t\t\t<\/span>\n\t\t<\/div>\n\t\t\t\t\t\t<\/div>\n\t\t\t\t<\/div>\n\t\t\t\t<div class=\"elementor-element elementor-element-3d79ef3d elementor-hidden-tablet elementor-hidden-mobile_extra elementor-hidden-mobile elementor-widget elementor-widget-spacer\" data-id=\"3d79ef3d\" data-element_type=\"widget\" data-e-type=\"widget\" data-widget_type=\"spacer.default\">\n\t\t\t\t<div class=\"elementor-widget-container\">\n\t\t\t\t\t\t\t<div class=\"elementor-spacer\">\n\t\t\t<div class=\"elementor-spacer-inner\"><\/div>\n\t\t<\/div>\n\t\t\t\t\t\t<\/div>\n\t\t\t\t<\/div>\n\t\t\t\t\t<\/div>\n\t\t<\/div>\n\t\t\t\t<div class=\"elementor-column elementor-col-50 elementor-top-column elementor-element elementor-element-45f9aa31\" data-id=\"45f9aa31\" data-element_type=\"column\" data-e-type=\"column\">\n\t\t\t<div class=\"elementor-widget-wrap elementor-element-populated\">\n\t\t\t\t\t\t<div class=\"elementor-element elementor-element-2304fad8 elementor-widget elementor-widget-spacer\" data-id=\"2304fad8\" data-element_type=\"widget\" data-e-type=\"widget\" data-widget_type=\"spacer.default\">\n\t\t\t\t<div class=\"elementor-widget-container\">\n\t\t\t\t\t\t\t<div class=\"elementor-spacer\">\n\t\t\t<div class=\"elementor-spacer-inner\"><\/div>\n\t\t<\/div>\n\t\t\t\t\t\t<\/div>\n\t\t\t\t<\/div>\n\t\t\t\t\t<\/div>\n\t\t<\/div>\n\t\t\t\t\t<\/div>\n\t\t<\/section>\n\t\t\t\t<section class=\"elementor-section elementor-top-section elementor-element elementor-element-7e949d44 elementor-section-content-middle elementor-section-boxed elementor-section-height-default elementor-section-height-default\" data-id=\"7e949d44\" data-element_type=\"section\" data-e-type=\"section\">\n\t\t\t\t\t\t<div class=\"elementor-container elementor-column-gap-no\">\n\t\t\t\t\t<div class=\"elementor-column elementor-col-100 elementor-top-column elementor-element elementor-element-515c0df2\" data-id=\"515c0df2\" data-element_type=\"column\" data-e-type=\"column\">\n\t\t\t<div class=\"elementor-widget-wrap elementor-element-populated\">\n\t\t\t\t\t\t<div class=\"elementor-element elementor-element-3e8e7d4a elementor-widget elementor-widget-toggle\" data-id=\"3e8e7d4a\" data-element_type=\"widget\" data-e-type=\"widget\" data-widget_type=\"toggle.default\">\n\t\t\t\t<div class=\"elementor-widget-container\">\n\t\t\t\t\t\t\t<div class=\"elementor-toggle\">\n\t\t\t\t\t\t\t<div class=\"elementor-toggle-item\">\n\t\t\t\t\t<div id=\"elementor-tab-title-1041\" class=\"elementor-tab-title\" data-tab=\"1\" role=\"button\" aria-controls=\"elementor-tab-content-1041\" aria-expanded=\"false\">\n\t\t\t\t\t\t\t\t\t\t\t\t<span class=\"elementor-toggle-icon elementor-toggle-icon-right\" aria-hidden=\"true\">\n\t\t\t\t\t\t\t\t\t\t\t\t\t\t\t<span class=\"elementor-toggle-icon-closed\"><i class=\"fas fa-caret-right\"><\/i><\/span>\n\t\t\t\t\t\t\t\t<span class=\"elementor-toggle-icon-opened\"><i class=\"elementor-toggle-icon-opened fas fa-caret-up\"><\/i><\/span>\n\t\t\t\t\t\t\t\t\t\t\t\t\t<\/span>\n\t\t\t\t\t\t\t\t\t\t\t\t<a class=\"elementor-toggle-title\" tabindex=\"0\">Zakaj liofilizacija?<\/a>\n\t\t\t\t\t<\/div>\n\n\t\t\t\t\t<div id=\"elementor-tab-content-1041\" class=\"elementor-tab-content elementor-clearfix\" data-tab=\"1\" role=\"region\" aria-labelledby=\"elementor-tab-title-1041\"><p>Ker je najuspe\u0161nej\u0161a metoda konzerviranja \u017eivil, kjer se sve\u017ee \u017eivilo na hitro in globoko zamrzne in nato v liofilizatorju posu\u0161i v vakuumu na zelo nizkih temperaturah.<\/p><p>Ta metoda ohranja hranilno vrednost sve\u017eega proizvoda, pa tudi njegov sve\u017e okus,<br \/>aromo in barvo. S tovrstnim su\u0161enjem z zamrzovanjem je hrana bolj okusna in jo je mogo\u010de uporabiti tudi v visoki gastronomiji.<\/p><\/div>\n\t\t\t\t<\/div>\n\t\t\t\t\t\t\t<div class=\"elementor-toggle-item\">\n\t\t\t\t\t<div id=\"elementor-tab-title-1042\" class=\"elementor-tab-title\" data-tab=\"2\" role=\"button\" aria-controls=\"elementor-tab-content-1042\" aria-expanded=\"false\">\n\t\t\t\t\t\t\t\t\t\t\t\t<span class=\"elementor-toggle-icon elementor-toggle-icon-right\" aria-hidden=\"true\">\n\t\t\t\t\t\t\t\t\t\t\t\t\t\t\t<span class=\"elementor-toggle-icon-closed\"><i class=\"fas fa-caret-right\"><\/i><\/span>\n\t\t\t\t\t\t\t\t<span class=\"elementor-toggle-icon-opened\"><i class=\"elementor-toggle-icon-opened fas fa-caret-up\"><\/i><\/span>\n\t\t\t\t\t\t\t\t\t\t\t\t\t<\/span>\n\t\t\t\t\t\t\t\t\t\t\t\t<a class=\"elementor-toggle-title\" tabindex=\"0\">Kako lahko uporabim ta posip?<\/a>\n\t\t\t\t\t<\/div>\n\n\t\t\t\t\t<div id=\"elementor-tab-content-1042\" class=\"elementor-tab-content elementor-clearfix\" data-tab=\"2\" role=\"region\" aria-labelledby=\"elementor-tab-title-1042\"><p>Ta posip lahko dodate v olja, marinade in omake za izbolj\u0161anje okusa in s tem dodate okus, peko\u010dino in aromo. Z njim lahko tudi potresemo surovo ali toplotno obdelano meso, ribe oz. vegetarijanske\/veganske jedi.<\/p><p>Na\u0161 posip naredi vsako jed zelo okusno.<\/p><\/div>\n\t\t\t\t<\/div>\n\t\t\t\t\t\t\t<div class=\"elementor-toggle-item\">\n\t\t\t\t\t<div id=\"elementor-tab-title-1043\" class=\"elementor-tab-title\" data-tab=\"3\" role=\"button\" aria-controls=\"elementor-tab-content-1043\" aria-expanded=\"false\">\n\t\t\t\t\t\t\t\t\t\t\t\t<span class=\"elementor-toggle-icon elementor-toggle-icon-right\" aria-hidden=\"true\">\n\t\t\t\t\t\t\t\t\t\t\t\t\t\t\t<span class=\"elementor-toggle-icon-closed\"><i class=\"fas fa-caret-right\"><\/i><\/span>\n\t\t\t\t\t\t\t\t<span class=\"elementor-toggle-icon-opened\"><i class=\"elementor-toggle-icon-opened fas fa-caret-up\"><\/i><\/span>\n\t\t\t\t\t\t\t\t\t\t\t\t\t<\/span>\n\t\t\t\t\t\t\t\t\t\t\t\t<a class=\"elementor-toggle-title\" tabindex=\"0\">Koliko posipati za dobro za\u010dinjeno jed?<\/a>\n\t\t\t\t\t<\/div>\n\n\t\t\t\t\t<div id=\"elementor-tab-content-1043\" class=\"elementor-tab-content elementor-clearfix\" data-tab=\"3\" role=\"region\" aria-labelledby=\"elementor-tab-title-1043\"><p>Na\u0161i okusi so pogosto zelo razli\u010dni, zato je koli\u010dino posipa potrebno prilagoditi dru\u017ebi, za katero pripravljamo jed.<\/p><p>Zaradi liofilizacije morami biti pozorni pri za\u010dinjanju, saj je v primerjavi s splo\u0161no dostopnimi \u010dili posipi potrebna precej manj\u0161a koli\u010dina posipa in lahko hrano hitro preve\u010d za\u010dinimo.<\/p><\/div>\n\t\t\t\t<\/div>\n\t\t\t\t\t\t\t<div class=\"elementor-toggle-item\">\n\t\t\t\t\t<div id=\"elementor-tab-title-1044\" class=\"elementor-tab-title\" data-tab=\"4\" role=\"button\" aria-controls=\"elementor-tab-content-1044\" aria-expanded=\"false\">\n\t\t\t\t\t\t\t\t\t\t\t\t<span class=\"elementor-toggle-icon elementor-toggle-icon-right\" aria-hidden=\"true\">\n\t\t\t\t\t\t\t\t\t\t\t\t\t\t\t<span class=\"elementor-toggle-icon-closed\"><i class=\"fas fa-caret-right\"><\/i><\/span>\n\t\t\t\t\t\t\t\t<span class=\"elementor-toggle-icon-opened\"><i class=\"elementor-toggle-icon-opened fas fa-caret-up\"><\/i><\/span>\n\t\t\t\t\t\t\t\t\t\t\t\t\t<\/span>\n\t\t\t\t\t\t\t\t\t\t\t\t<a class=\"elementor-toggle-title\" tabindex=\"0\">Lahko pla\u010dam s kartico?<\/a>\n\t\t\t\t\t<\/div>\n\n\t\t\t\t\t<div id=\"elementor-tab-content-1044\" class=\"elementor-tab-content elementor-clearfix\" data-tab=\"4\" role=\"region\" aria-labelledby=\"elementor-tab-title-1044\"><p>Sprejemamo vse vrste kartic, hkrati pa omogo\u010damo tudi pla\u010dilo po povzetju.<\/p><\/div>\n\t\t\t\t<\/div>\n\t\t\t\t\t\t\t<div class=\"elementor-toggle-item\">\n\t\t\t\t\t<div id=\"elementor-tab-title-1045\" class=\"elementor-tab-title\" data-tab=\"5\" role=\"button\" aria-controls=\"elementor-tab-content-1045\" aria-expanded=\"false\">\n\t\t\t\t\t\t\t\t\t\t\t\t<span class=\"elementor-toggle-icon elementor-toggle-icon-right\" aria-hidden=\"true\">\n\t\t\t\t\t\t\t\t\t\t\t\t\t\t\t<span class=\"elementor-toggle-icon-closed\"><i class=\"fas fa-caret-right\"><\/i><\/span>\n\t\t\t\t\t\t\t\t<span class=\"elementor-toggle-icon-opened\"><i class=\"elementor-toggle-icon-opened fas fa-caret-up\"><\/i><\/span>\n\t\t\t\t\t\t\t\t\t\t\t\t\t<\/span>\n\t\t\t\t\t\t\t\t\t\t\t\t<a class=\"elementor-toggle-title\" tabindex=\"0\">Kdaj lahko pri\u010dakujem dostavo?<\/a>\n\t\t\t\t\t<\/div>\n\n\t\t\t\t\t<div id=\"elementor-tab-content-1045\" class=\"elementor-tab-content elementor-clearfix\" data-tab=\"5\" role=\"region\" aria-labelledby=\"elementor-tab-title-1045\"><p>Za zanesljivo in hitro dostavo sodelujemo s Po\u0161to Slovenije, ki bo na\u0161 skrbno zapakiran paket dostavila na va\u0161 dom. Obi\u010dajno dostava traja 2-3 delovne dni.<\/p><\/div>\n\t\t\t\t<\/div>\n\t\t\t\t\t\t\t\t\t\t<script type=\"application\/ld+json\">{\"@context\":\"https:\\\/\\\/schema.org\",\"@type\":\"FAQPage\",\"mainEntity\":[{\"@type\":\"Question\",\"name\":\"Zakaj liofilizacija?\",\"acceptedAnswer\":{\"@type\":\"Answer\",\"text\":\"<p>Ker je najuspe\\u0161nej\\u0161a metoda konzerviranja \\u017eivil, kjer se sve\\u017ee \\u017eivilo na hitro in globoko zamrzne in nato v liofilizatorju posu\\u0161i v vakuumu na zelo nizkih temperaturah.<\\\/p><p>Ta metoda ohranja hranilno vrednost sve\\u017eega proizvoda, pa tudi njegov sve\\u017e okus,<br \\\/>aromo in barvo. S tovrstnim su\\u0161enjem z zamrzovanjem je hrana bolj okusna in jo je mogo\\u010de uporabiti tudi v visoki gastronomiji.<\\\/p>\"}},{\"@type\":\"Question\",\"name\":\"Kako lahko uporabim ta posip?\",\"acceptedAnswer\":{\"@type\":\"Answer\",\"text\":\"<p>Ta posip lahko dodate v olja, marinade in omake za izbolj\\u0161anje okusa in s tem dodate okus, peko\\u010dino in aromo. Z njim lahko tudi potresemo surovo ali toplotno obdelano meso, ribe oz. vegetarijanske\\\/veganske jedi.<\\\/p><p>Na\\u0161 posip naredi vsako jed zelo okusno.<\\\/p>\"}},{\"@type\":\"Question\",\"name\":\"Koliko posipati za dobro za\\u010dinjeno jed?\",\"acceptedAnswer\":{\"@type\":\"Answer\",\"text\":\"<p>Na\\u0161i okusi so pogosto zelo razli\\u010dni, zato je koli\\u010dino posipa potrebno prilagoditi dru\\u017ebi, za katero pripravljamo jed.<\\\/p><p>Zaradi liofilizacije morami biti pozorni pri za\\u010dinjanju, saj je v primerjavi s splo\\u0161no dostopnimi \\u010dili posipi potrebna precej manj\\u0161a koli\\u010dina posipa in lahko hrano hitro preve\\u010d za\\u010dinimo.<\\\/p>\"}},{\"@type\":\"Question\",\"name\":\"Lahko pla\\u010dam s kartico?\",\"acceptedAnswer\":{\"@type\":\"Answer\",\"text\":\"<p>Sprejemamo vse vrste kartic, hkrati pa omogo\\u010damo tudi pla\\u010dilo po povzetju.<\\\/p>\"}},{\"@type\":\"Question\",\"name\":\"Kdaj lahko pri\\u010dakujem dostavo?\",\"acceptedAnswer\":{\"@type\":\"Answer\",\"text\":\"<p>Za zanesljivo in hitro dostavo sodelujemo s Po\\u0161to Slovenije, ki bo na\\u0161 skrbno zapakiran paket dostavila na va\\u0161 dom. Obi\\u010dajno dostava traja 2-3 delovne dni.<\\\/p>\"}}]}<\/script>\n\t\t\t\t\t<\/div>\n\t\t\t\t\t\t<\/div>\n\t\t\t\t<\/div>\n\t\t\t\t\t<\/div>\n\t\t<\/div>\n\t\t\t\t\t<\/div>\n\t\t<\/section>\n\t\t\t\t<\/div>\n\t\t","protected":false},"excerpt":{"rendered":"<p>Pogosta vpra\u0161anja Zakaj liofilizacija? Ker je najuspe\u0161nej\u0161a metoda konzerviranja \u017eivil, kjer se sve\u017ee \u017eivilo na hitro in globoko zamrzne in nato v liofilizatorju posu\u0161i v vakuumu na zelo nizkih temperaturah. Ta metoda ohranja hranilno vrednost sve\u017eega proizvoda, pa tudi njegov sve\u017e okus,aromo in barvo. S tovrstnim su\u0161enjem z zamrzovanjem je hrana bolj okusna in jo [&hellip;]<\/p>\n","protected":false},"author":2,"featured_media":0,"parent":0,"menu_order":0,"comment_status":"closed","ping_status":"closed","template":"","meta":{"footnotes":""},"class_list":["post-433","page","type-page","status-publish","hentry"],"_links":{"self":[{"href":"https:\/\/scherz.pro\/en\/wp-json\/wp\/v2\/pages\/433","targetHints":{"allow":["GET"]}}],"collection":[{"href":"https:\/\/scherz.pro\/en\/wp-json\/wp\/v2\/pages"}],"about":[{"href":"https:\/\/scherz.pro\/en\/wp-json\/wp\/v2\/types\/page"}],"author":[{"embeddable":true,"href":"https:\/\/scherz.pro\/en\/wp-json\/wp\/v2\/users\/2"}],"replies":[{"embeddable":true,"href":"https:\/\/scherz.pro\/en\/wp-json\/wp\/v2\/comments?post=433"}],"version-history":[{"count":25,"href":"https:\/\/scherz.pro\/en\/wp-json\/wp\/v2\/pages\/433\/revisions"}],"predecessor-version":[{"id":825,"href":"https:\/\/scherz.pro\/en\/wp-json\/wp\/v2\/pages\/433\/revisions\/825"}],"wp:attachment":[{"href":"https:\/\/scherz.pro\/en\/wp-json\/wp\/v2\/media?parent=433"}],"curies":[{"name":"wp","href":"https:\/\/api.w.org\/{rel}","templated":true}]}}