{"id":511,"date":"2022-01-31T17:46:00","date_gmt":"2022-01-31T16:46:00","guid":{"rendered":"https:\/\/scherz.pro\/?page_id=511"},"modified":"2022-02-09T14:08:49","modified_gmt":"2022-02-09T13:08:49","slug":"o-nas","status":"publish","type":"page","link":"https:\/\/scherz.pro\/en\/o-nas\/","title":{"rendered":"About us"},"content":{"rendered":"<div data-elementor-type=\"wp-page\" data-elementor-id=\"511\" class=\"elementor elementor-511\" data-elementor-post-type=\"page\">\n\t\t\t\t\t\t<section class=\"elementor-section elementor-top-section elementor-element elementor-element-53eb593d elementor-reverse-mobile elementor-section-boxed elementor-section-height-default elementor-section-height-default\" data-id=\"53eb593d\" data-element_type=\"section\" data-e-type=\"section\" data-settings=\"{&quot;background_background&quot;:&quot;classic&quot;}\">\n\t\t\t\t\t\t<div class=\"elementor-container elementor-column-gap-default\">\n\t\t\t\t\t<div class=\"elementor-column elementor-col-50 elementor-top-column elementor-element elementor-element-75423e07\" data-id=\"75423e07\" data-element_type=\"column\" data-e-type=\"column\">\n\t\t\t<div class=\"elementor-widget-wrap elementor-element-populated\">\n\t\t\t\t\t\t<div class=\"elementor-element elementor-element-765333d1 elementor-widget elementor-widget-heading\" data-id=\"765333d1\" data-element_type=\"widget\" data-e-type=\"widget\" data-widget_type=\"heading.default\">\n\t\t\t\t<div class=\"elementor-widget-container\">\n\t\t\t\t\t<h1 class=\"elementor-heading-title elementor-size-default\">About us<\/h1>\t\t\t\t<\/div>\n\t\t\t\t<\/div>\n\t\t\t\t<div class=\"elementor-element elementor-element-e447666 elementor-widget-divider--view-line elementor-widget elementor-widget-divider\" data-id=\"e447666\" data-element_type=\"widget\" data-e-type=\"widget\" data-widget_type=\"divider.default\">\n\t\t\t\t<div class=\"elementor-widget-container\">\n\t\t\t\t\t\t\t<div class=\"elementor-divider\">\n\t\t\t<span class=\"elementor-divider-separator\">\n\t\t\t\t\t\t<\/span>\n\t\t<\/div>\n\t\t\t\t\t\t<\/div>\n\t\t\t\t<\/div>\n\t\t\t\t<div class=\"elementor-element elementor-element-527e7867 elementor-hidden-tablet elementor-hidden-mobile_extra elementor-hidden-mobile elementor-widget elementor-widget-spacer\" data-id=\"527e7867\" data-element_type=\"widget\" data-e-type=\"widget\" data-widget_type=\"spacer.default\">\n\t\t\t\t<div class=\"elementor-widget-container\">\n\t\t\t\t\t\t\t<div class=\"elementor-spacer\">\n\t\t\t<div class=\"elementor-spacer-inner\"><\/div>\n\t\t<\/div>\n\t\t\t\t\t\t<\/div>\n\t\t\t\t<\/div>\n\t\t\t\t\t<\/div>\n\t\t<\/div>\n\t\t\t\t<div class=\"elementor-column elementor-col-50 elementor-top-column elementor-element elementor-element-286c1570\" data-id=\"286c1570\" data-element_type=\"column\" data-e-type=\"column\">\n\t\t\t<div class=\"elementor-widget-wrap elementor-element-populated\">\n\t\t\t\t\t\t<div class=\"elementor-element elementor-element-a541d91 elementor-widget elementor-widget-spacer\" data-id=\"a541d91\" data-element_type=\"widget\" data-e-type=\"widget\" data-widget_type=\"spacer.default\">\n\t\t\t\t<div class=\"elementor-widget-container\">\n\t\t\t\t\t\t\t<div class=\"elementor-spacer\">\n\t\t\t<div class=\"elementor-spacer-inner\"><\/div>\n\t\t<\/div>\n\t\t\t\t\t\t<\/div>\n\t\t\t\t<\/div>\n\t\t\t\t\t<\/div>\n\t\t<\/div>\n\t\t\t\t\t<\/div>\n\t\t<\/section>\n\t\t\t\t<section class=\"elementor-section elementor-top-section elementor-element elementor-element-4b2aebed elementor-section-content-middle elementor-section-boxed elementor-section-height-default elementor-section-height-default\" data-id=\"4b2aebed\" data-element_type=\"section\" data-e-type=\"section\">\n\t\t\t\t\t\t<div class=\"elementor-container elementor-column-gap-no\">\n\t\t\t\t\t<div class=\"elementor-column elementor-col-50 elementor-top-column elementor-element elementor-element-40ff2583\" data-id=\"40ff2583\" data-element_type=\"column\" data-e-type=\"column\">\n\t\t\t<div class=\"elementor-widget-wrap elementor-element-populated\">\n\t\t\t\t\t\t<div class=\"elementor-element elementor-element-5bc6651 elementor-widget elementor-widget-heading\" data-id=\"5bc6651\" data-element_type=\"widget\" data-e-type=\"widget\" data-widget_type=\"heading.default\">\n\t\t\t\t<div class=\"elementor-widget-container\">\n\t\t\t\t\t<h2 class=\"elementor-heading-title elementor-size-default\">Tomi \u0160erc and Tja\u0161a Jazbec<\/h2>\t\t\t\t<\/div>\n\t\t\t\t<\/div>\n\t\t\t\t<div class=\"elementor-element elementor-element-3af0253 elementor-widget elementor-widget-text-editor\" data-id=\"3af0253\" data-element_type=\"widget\" data-e-type=\"widget\" data-widget_type=\"text-editor.default\">\n\t\t\t\t<div class=\"elementor-widget-container\">\n\t\t\t\t\t\t\t\t\t<p>Partners , foodies and lovers of spicy food<\/p>\t\t\t\t\t\t\t\t<\/div>\n\t\t\t\t<\/div>\n\t\t\t\t<div class=\"elementor-element elementor-element-fd3195c elementor-widget-divider--view-line elementor-widget elementor-widget-divider\" data-id=\"fd3195c\" data-element_type=\"widget\" data-e-type=\"widget\" data-widget_type=\"divider.default\">\n\t\t\t\t<div class=\"elementor-widget-container\">\n\t\t\t\t\t\t\t<div class=\"elementor-divider\">\n\t\t\t<span class=\"elementor-divider-separator\">\n\t\t\t\t\t\t<\/span>\n\t\t<\/div>\n\t\t\t\t\t\t<\/div>\n\t\t\t\t<\/div>\n\t\t\t\t<div class=\"elementor-element elementor-element-467ec98 elementor-widget elementor-widget-text-editor\" data-id=\"467ec98\" data-element_type=\"widget\" data-e-type=\"widget\" data-widget_type=\"text-editor.default\">\n\t\t\t\t<div class=\"elementor-widget-container\">\n\t\t\t\t\t\t\t\t\t<p>Our special passion are chilies, which are found in many variants of flavors, colors, aromas and levels of hotness.<\/p><p>Our special passion are chilies, which are found in many variants of flavors, colors, aromas and levels of hotness.<\/p><p>We dry our chilies with lyophilization, as this is the only way to achieve a really high-quality product.<\/p><p>Our products are in the form of lyophilized sprinkles without additives and preservatives, and the development path will soon be followed by mixtures of chilies and award-winning extra virgin olive oils.<\/p>\t\t\t\t\t\t\t\t<\/div>\n\t\t\t\t<\/div>\n\t\t\t\t\t<\/div>\n\t\t<\/div>\n\t\t\t\t<div class=\"elementor-column elementor-col-50 elementor-top-column elementor-element elementor-element-53df3a4e\" data-id=\"53df3a4e\" data-element_type=\"column\" data-e-type=\"column\">\n\t\t\t<div class=\"elementor-widget-wrap elementor-element-populated\">\n\t\t\t\t\t\t<div class=\"elementor-element elementor-element-8376bf3 elementor-widget elementor-widget-image\" data-id=\"8376bf3\" data-element_type=\"widget\" data-e-type=\"widget\" data-widget_type=\"image.default\">\n\t\t\t\t<div class=\"elementor-widget-container\">\n\t\t\t\t\t\t\t\t\t\t\t\t\t\t\t<img fetchpriority=\"high\" decoding=\"async\" width=\"800\" height=\"800\" src=\"https:\/\/scherz.pro\/wp-content\/uploads\/2022\/01\/Screenshot_20220120_153321_com.huawei.photos_edit_14693091994632.jpg\" class=\"attachment-large size-large wp-image-514\" alt=\"\" srcset=\"https:\/\/scherz.pro\/wp-content\/uploads\/2022\/01\/Screenshot_20220120_153321_com.huawei.photos_edit_14693091994632.jpg 890w, https:\/\/scherz.pro\/wp-content\/uploads\/2022\/01\/Screenshot_20220120_153321_com.huawei.photos_edit_14693091994632-300x300.jpg 300w, https:\/\/scherz.pro\/wp-content\/uploads\/2022\/01\/Screenshot_20220120_153321_com.huawei.photos_edit_14693091994632-150x150.jpg 150w, https:\/\/scherz.pro\/wp-content\/uploads\/2022\/01\/Screenshot_20220120_153321_com.huawei.photos_edit_14693091994632-768x768.jpg 768w, https:\/\/scherz.pro\/wp-content\/uploads\/2022\/01\/Screenshot_20220120_153321_com.huawei.photos_edit_14693091994632-600x600.jpg 600w, https:\/\/scherz.pro\/wp-content\/uploads\/2022\/01\/Screenshot_20220120_153321_com.huawei.photos_edit_14693091994632-100x100.jpg 100w\" sizes=\"(max-width: 800px) 100vw, 800px\" \/>\t\t\t\t\t\t\t\t\t\t\t\t\t\t\t<\/div>\n\t\t\t\t<\/div>\n\t\t\t\t\t<\/div>\n\t\t<\/div>\n\t\t\t\t\t<\/div>\n\t\t<\/section>\n\t\t\t\t<\/div>","protected":false},"excerpt":{"rendered":"<p>O nas Sva Tomi \u0160erc in Tja\u0161a Jazbec Partnerja, foodija in ljubitelja dobro za\u010dinjene hrane Najina posebna strast so \u010diliji, katere najdemo v mnogih variantah okusov, barv, arom in stopenj peko\u010dine. Ker sva ugotovila, da klasi\u010dno su\u0161eni \u010diliji ne predstavljajo sence sve\u017eega sade\u017ea, sva na\u0161la na\u010din, kako to korenito spremeniti in ohraniti vse nama tako [&hellip;]<\/p>\n","protected":false},"author":2,"featured_media":0,"parent":0,"menu_order":0,"comment_status":"closed","ping_status":"closed","template":"","meta":{"footnotes":""},"class_list":["post-511","page","type-page","status-publish","hentry"],"_links":{"self":[{"href":"https:\/\/scherz.pro\/en\/wp-json\/wp\/v2\/pages\/511","targetHints":{"allow":["GET"]}}],"collection":[{"href":"https:\/\/scherz.pro\/en\/wp-json\/wp\/v2\/pages"}],"about":[{"href":"https:\/\/scherz.pro\/en\/wp-json\/wp\/v2\/types\/page"}],"author":[{"embeddable":true,"href":"https:\/\/scherz.pro\/en\/wp-json\/wp\/v2\/users\/2"}],"replies":[{"embeddable":true,"href":"https:\/\/scherz.pro\/en\/wp-json\/wp\/v2\/comments?post=511"}],"version-history":[{"count":25,"href":"https:\/\/scherz.pro\/en\/wp-json\/wp\/v2\/pages\/511\/revisions"}],"predecessor-version":[{"id":801,"href":"https:\/\/scherz.pro\/en\/wp-json\/wp\/v2\/pages\/511\/revisions\/801"}],"wp:attachment":[{"href":"https:\/\/scherz.pro\/en\/wp-json\/wp\/v2\/media?parent=511"}],"curies":[{"name":"wp","href":"https:\/\/api.w.org\/{rel}","templated":true}]}}