{"id":535,"date":"2022-01-31T18:54:25","date_gmt":"2022-01-31T17:54:25","guid":{"rendered":"https:\/\/scherz.pro\/?page_id=535"},"modified":"2022-03-10T19:27:37","modified_gmt":"2022-03-10T18:27:37","slug":"liofilizacija","status":"publish","type":"page","link":"https:\/\/scherz.pro\/en\/liofilizacija\/","title":{"rendered":"Freeze drying"},"content":{"rendered":"<div data-elementor-type=\"wp-page\" data-elementor-id=\"535\" class=\"elementor elementor-535\" data-elementor-post-type=\"page\">\n\t\t\t\t\t\t<section class=\"elementor-section elementor-top-section elementor-element elementor-element-628a4cd0 elementor-reverse-mobile elementor-section-boxed elementor-section-height-default elementor-section-height-default\" data-id=\"628a4cd0\" data-element_type=\"section\" data-e-type=\"section\" data-settings=\"{&quot;background_background&quot;:&quot;classic&quot;}\">\n\t\t\t\t\t\t<div class=\"elementor-container elementor-column-gap-default\">\n\t\t\t\t\t<div class=\"elementor-column elementor-col-50 elementor-top-column elementor-element elementor-element-7321a213\" data-id=\"7321a213\" data-element_type=\"column\" data-e-type=\"column\">\n\t\t\t<div class=\"elementor-widget-wrap elementor-element-populated\">\n\t\t\t\t\t\t<div class=\"elementor-element elementor-element-29ba6b80 elementor-widget elementor-widget-heading\" data-id=\"29ba6b80\" data-element_type=\"widget\" data-e-type=\"widget\" data-widget_type=\"heading.default\">\n\t\t\t\t<div class=\"elementor-widget-container\">\n\t\t\t\t\t<h1 class=\"elementor-heading-title elementor-size-default\">Freeze drying<\/h1>\t\t\t\t<\/div>\n\t\t\t\t<\/div>\n\t\t\t\t<div class=\"elementor-element elementor-element-74e972f6 elementor-widget-divider--view-line elementor-widget elementor-widget-divider\" data-id=\"74e972f6\" data-element_type=\"widget\" data-e-type=\"widget\" data-widget_type=\"divider.default\">\n\t\t\t\t<div class=\"elementor-widget-container\">\n\t\t\t\t\t\t\t<div class=\"elementor-divider\">\n\t\t\t<span class=\"elementor-divider-separator\">\n\t\t\t\t\t\t<\/span>\n\t\t<\/div>\n\t\t\t\t\t\t<\/div>\n\t\t\t\t<\/div>\n\t\t\t\t<div class=\"elementor-element elementor-element-65bc3218 elementor-hidden-tablet elementor-hidden-mobile_extra elementor-hidden-mobile elementor-widget elementor-widget-spacer\" data-id=\"65bc3218\" data-element_type=\"widget\" data-e-type=\"widget\" data-widget_type=\"spacer.default\">\n\t\t\t\t<div class=\"elementor-widget-container\">\n\t\t\t\t\t\t\t<div class=\"elementor-spacer\">\n\t\t\t<div class=\"elementor-spacer-inner\"><\/div>\n\t\t<\/div>\n\t\t\t\t\t\t<\/div>\n\t\t\t\t<\/div>\n\t\t\t\t\t<\/div>\n\t\t<\/div>\n\t\t\t\t<div class=\"elementor-column elementor-col-50 elementor-top-column elementor-element elementor-element-a044243\" data-id=\"a044243\" data-element_type=\"column\" data-e-type=\"column\">\n\t\t\t<div class=\"elementor-widget-wrap elementor-element-populated\">\n\t\t\t\t\t\t<div class=\"elementor-element elementor-element-37cc159 elementor-widget elementor-widget-spacer\" data-id=\"37cc159\" data-element_type=\"widget\" data-e-type=\"widget\" data-widget_type=\"spacer.default\">\n\t\t\t\t<div class=\"elementor-widget-container\">\n\t\t\t\t\t\t\t<div class=\"elementor-spacer\">\n\t\t\t<div class=\"elementor-spacer-inner\"><\/div>\n\t\t<\/div>\n\t\t\t\t\t\t<\/div>\n\t\t\t\t<\/div>\n\t\t\t\t\t<\/div>\n\t\t<\/div>\n\t\t\t\t\t<\/div>\n\t\t<\/section>\n\t\t\t\t<section class=\"elementor-section elementor-top-section elementor-element elementor-element-11eaade elementor-section-content-middle elementor-section-boxed elementor-section-height-default elementor-section-height-default\" data-id=\"11eaade\" data-element_type=\"section\" data-e-type=\"section\">\n\t\t\t\t\t\t<div class=\"elementor-container elementor-column-gap-no\">\n\t\t\t\t\t<div class=\"elementor-column elementor-col-50 elementor-top-column elementor-element elementor-element-0ee600b\" data-id=\"0ee600b\" data-element_type=\"column\" data-e-type=\"column\">\n\t\t\t<div class=\"elementor-widget-wrap elementor-element-populated\">\n\t\t\t\t\t\t<div class=\"elementor-element elementor-element-285f663 elementor-widget-divider--view-line elementor-widget elementor-widget-divider\" data-id=\"285f663\" data-element_type=\"widget\" data-e-type=\"widget\" data-widget_type=\"divider.default\">\n\t\t\t\t<div class=\"elementor-widget-container\">\n\t\t\t\t\t\t\t<div class=\"elementor-divider\">\n\t\t\t<span class=\"elementor-divider-separator\">\n\t\t\t\t\t\t<\/span>\n\t\t<\/div>\n\t\t\t\t\t\t<\/div>\n\t\t\t\t<\/div>\n\t\t\t\t\t<\/div>\n\t\t<\/div>\n\t\t\t\t<div class=\"elementor-column elementor-col-50 elementor-top-column elementor-element elementor-element-7c06dcb\" data-id=\"7c06dcb\" data-element_type=\"column\" data-e-type=\"column\">\n\t\t\t<div class=\"elementor-widget-wrap elementor-element-populated\">\n\t\t\t\t\t\t<div class=\"elementor-element elementor-element-32ecfe3 elementor-widget elementor-widget-heading\" data-id=\"32ecfe3\" data-element_type=\"widget\" data-e-type=\"widget\" data-widget_type=\"heading.default\">\n\t\t\t\t<div class=\"elementor-widget-container\">\n\t\t\t\t\t<h5 class=\"elementor-heading-title elementor-size-default\">MORE THAN A TREND<\/h5>\t\t\t\t<\/div>\n\t\t\t\t<\/div>\n\t\t\t\t<div class=\"elementor-element elementor-element-568b918 elementor-widget elementor-widget-heading\" data-id=\"568b918\" data-element_type=\"widget\" data-e-type=\"widget\" data-widget_type=\"heading.default\">\n\t\t\t\t<div class=\"elementor-widget-container\">\n\t\t\t\t\t<h4 class=\"elementor-heading-title elementor-size-default\">We preserve vitamins and minerals<\/h4>\t\t\t\t<\/div>\n\t\t\t\t<\/div>\n\t\t\t\t<div class=\"elementor-element elementor-element-458bc3e elementor-widget elementor-widget-text-editor\" data-id=\"458bc3e\" data-element_type=\"widget\" data-e-type=\"widget\" data-widget_type=\"text-editor.default\">\n\t\t\t\t<div class=\"elementor-widget-container\">\n\t\t\t\t\t\t\t\t\t<p>When you subject a food to the freeze drying process, you remove moisture in a way that preserves the nutritional value of the food.<\/p><p>Normal drying of chili, especially at higher temperatures, can lead to the breakdown of vitamins and reduce the benefits the body gets from eating, spoiling the aroma, darkening the color, destroying the taste and increasing the content of sugar.<\/p>\t\t\t\t\t\t\t\t<\/div>\n\t\t\t\t<\/div>\n\t\t\t\t\t<\/div>\n\t\t<\/div>\n\t\t\t\t\t<\/div>\n\t\t<\/section>\n\t\t\t\t<section class=\"elementor-section elementor-top-section elementor-element elementor-element-7e131878 elementor-section-content-middle elementor-section-boxed elementor-section-height-default elementor-section-height-default\" data-id=\"7e131878\" data-element_type=\"section\" data-e-type=\"section\">\n\t\t\t\t\t\t<div class=\"elementor-container elementor-column-gap-no\">\n\t\t\t\t\t<div class=\"elementor-column elementor-col-33 elementor-top-column elementor-element elementor-element-5211908a\" data-id=\"5211908a\" data-element_type=\"column\" data-e-type=\"column\">\n\t\t\t<div class=\"elementor-widget-wrap elementor-element-populated\">\n\t\t\t\t\t\t<div class=\"elementor-element elementor-element-39850cc9 elementor-widget elementor-widget-text-editor\" data-id=\"39850cc9\" data-element_type=\"widget\" data-e-type=\"widget\" data-widget_type=\"text-editor.default\">\n\t\t\t\t<div class=\"elementor-widget-container\">\n\t\t\t\t\t\t\t\t\t<p>Freeze drying<\/p>\t\t\t\t\t\t\t\t<\/div>\n\t\t\t\t<\/div>\n\t\t\t\t<div class=\"elementor-element elementor-element-28dbf107 elementor-widget elementor-widget-heading\" data-id=\"28dbf107\" data-element_type=\"widget\" data-e-type=\"widget\" data-widget_type=\"heading.default\">\n\t\t\t\t<div class=\"elementor-widget-container\">\n\t\t\t\t\t<h3 class=\"elementor-heading-title elementor-size-default\">The future of drying<\/h3>\t\t\t\t<\/div>\n\t\t\t\t<\/div>\n\t\t\t\t<div class=\"elementor-element elementor-element-444842e0 elementor-widget-divider--view-line elementor-widget elementor-widget-divider\" data-id=\"444842e0\" data-element_type=\"widget\" data-e-type=\"widget\" data-widget_type=\"divider.default\">\n\t\t\t\t<div class=\"elementor-widget-container\">\n\t\t\t\t\t\t\t<div class=\"elementor-divider\">\n\t\t\t<span class=\"elementor-divider-separator\">\n\t\t\t\t\t\t<\/span>\n\t\t<\/div>\n\t\t\t\t\t\t<\/div>\n\t\t\t\t<\/div>\n\t\t\t\t\t<\/div>\n\t\t<\/div>\n\t\t\t\t<div class=\"elementor-column elementor-col-33 elementor-top-column elementor-element elementor-element-5040c611\" data-id=\"5040c611\" data-element_type=\"column\" data-e-type=\"column\">\n\t\t\t<div class=\"elementor-widget-wrap elementor-element-populated\">\n\t\t\t\t\t\t<div class=\"elementor-element elementor-element-4773c09e elementor-widget elementor-widget-image\" data-id=\"4773c09e\" data-element_type=\"widget\" data-e-type=\"widget\" data-widget_type=\"image.default\">\n\t\t\t\t<div class=\"elementor-widget-container\">\n\t\t\t\t\t\t\t\t\t\t\t\t\t\t\t<img fetchpriority=\"high\" decoding=\"async\" width=\"1200\" height=\"1200\" src=\"https:\/\/scherz.pro\/wp-content\/uploads\/2022\/02\/tjasa_priprava_na_liofilizacijjo.jpg\" class=\"elementor-animation-grow attachment-full size-full wp-image-682\" alt=\"tjasa_priprava_na_liofilizacijjo\" srcset=\"https:\/\/scherz.pro\/wp-content\/uploads\/2022\/02\/tjasa_priprava_na_liofilizacijjo.jpg 1200w, https:\/\/scherz.pro\/wp-content\/uploads\/2022\/02\/tjasa_priprava_na_liofilizacijjo-300x300.jpg 300w, https:\/\/scherz.pro\/wp-content\/uploads\/2022\/02\/tjasa_priprava_na_liofilizacijjo-1024x1024.jpg 1024w, https:\/\/scherz.pro\/wp-content\/uploads\/2022\/02\/tjasa_priprava_na_liofilizacijjo-150x150.jpg 150w, https:\/\/scherz.pro\/wp-content\/uploads\/2022\/02\/tjasa_priprava_na_liofilizacijjo-768x768.jpg 768w, https:\/\/scherz.pro\/wp-content\/uploads\/2022\/02\/tjasa_priprava_na_liofilizacijjo-600x600.jpg 600w, https:\/\/scherz.pro\/wp-content\/uploads\/2022\/02\/tjasa_priprava_na_liofilizacijjo-100x100.jpg 100w\" sizes=\"(max-width: 1200px) 100vw, 1200px\" \/>\t\t\t\t\t\t\t\t\t\t\t\t\t\t\t<\/div>\n\t\t\t\t<\/div>\n\t\t\t\t<div class=\"elementor-element elementor-element-2cf049d2 elementor-widget elementor-widget-text-editor\" data-id=\"2cf049d2\" data-element_type=\"widget\" data-e-type=\"widget\" data-widget_type=\"text-editor.default\">\n\t\t\t\t<div class=\"elementor-widget-container\">\n\t\t\t\t\t\t\t\t\t<p>Freeze-drying is also much better at maintaining the shape and color of the chili, which can make it look much better in the final dish or if you choose to rehydrate.<\/p><p>It also greatly extends its shelf life of the product, which means you can keep it for years instead of just a few days.<\/p>\t\t\t\t\t\t\t\t<\/div>\n\t\t\t\t<\/div>\n\t\t\t\t\t<\/div>\n\t\t<\/div>\n\t\t\t\t<div class=\"elementor-column elementor-col-33 elementor-top-column elementor-element elementor-element-12b0a84a\" data-id=\"12b0a84a\" data-element_type=\"column\" data-e-type=\"column\">\n\t\t\t<div class=\"elementor-widget-wrap elementor-element-populated\">\n\t\t\t\t\t\t<div class=\"elementor-element elementor-element-6e1ae4f8 elementor-widget elementor-widget-text-editor\" data-id=\"6e1ae4f8\" data-element_type=\"widget\" data-e-type=\"widget\" data-widget_type=\"text-editor.default\">\n\t\t\t\t<div class=\"elementor-widget-container\">\n\t\t\t\t\t\t\t\t\t<p>The freeze-drying process has three separate stages: first, the fruit is frozen before the pressure is significantly reduced. This then allows the final phase to be carried out, during which ice is removed from the product by a sublimation process when the solid is converted directly to gas, past the liquid stage. These vapors are then discharged away, leaving the product intact and free of moisture.<\/p>\t\t\t\t\t\t\t\t<\/div>\n\t\t\t\t<\/div>\n\t\t\t\t<div class=\"elementor-element elementor-element-8d8b60b elementor-widget elementor-widget-image\" data-id=\"8d8b60b\" data-element_type=\"widget\" data-e-type=\"widget\" data-widget_type=\"image.default\">\n\t\t\t\t<div class=\"elementor-widget-container\">\n\t\t\t\t\t\t\t\t\t\t\t\t\t\t\t<img decoding=\"async\" width=\"1280\" height=\"1280\" src=\"https:\/\/scherz.pro\/wp-content\/uploads\/2022\/02\/tomi_in_preverjanje_kakovosti.jpg\" class=\"elementor-animation-grow attachment-full size-full wp-image-688\" alt=\"\" srcset=\"https:\/\/scherz.pro\/wp-content\/uploads\/2022\/02\/tomi_in_preverjanje_kakovosti.jpg 1280w, https:\/\/scherz.pro\/wp-content\/uploads\/2022\/02\/tomi_in_preverjanje_kakovosti-300x300.jpg 300w, https:\/\/scherz.pro\/wp-content\/uploads\/2022\/02\/tomi_in_preverjanje_kakovosti-1024x1024.jpg 1024w, https:\/\/scherz.pro\/wp-content\/uploads\/2022\/02\/tomi_in_preverjanje_kakovosti-150x150.jpg 150w, https:\/\/scherz.pro\/wp-content\/uploads\/2022\/02\/tomi_in_preverjanje_kakovosti-768x768.jpg 768w, https:\/\/scherz.pro\/wp-content\/uploads\/2022\/02\/tomi_in_preverjanje_kakovosti-600x600.jpg 600w, https:\/\/scherz.pro\/wp-content\/uploads\/2022\/02\/tomi_in_preverjanje_kakovosti-100x100.jpg 100w\" sizes=\"(max-width: 1280px) 100vw, 1280px\" \/>\t\t\t\t\t\t\t\t\t\t\t\t\t\t\t<\/div>\n\t\t\t\t<\/div>\n\t\t\t\t\t<\/div>\n\t\t<\/div>\n\t\t\t\t\t<\/div>\n\t\t<\/section>\n\t\t\t\t<section class=\"elementor-section elementor-top-section elementor-element elementor-element-46d9b3ff elementor-section-content-middle elementor-section-boxed elementor-section-height-default elementor-section-height-default\" data-id=\"46d9b3ff\" data-element_type=\"section\" data-e-type=\"section\">\n\t\t\t\t\t\t<div class=\"elementor-container elementor-column-gap-no\">\n\t\t\t\t\t<div class=\"elementor-column elementor-col-50 elementor-top-column elementor-element elementor-element-6f336aa\" data-id=\"6f336aa\" data-element_type=\"column\" data-e-type=\"column\">\n\t\t\t<div class=\"elementor-widget-wrap elementor-element-populated\">\n\t\t\t\t\t\t<div class=\"elementor-element elementor-element-6722a79e elementor-widget-divider--view-line elementor-widget elementor-widget-divider\" data-id=\"6722a79e\" data-element_type=\"widget\" data-e-type=\"widget\" data-widget_type=\"divider.default\">\n\t\t\t\t<div class=\"elementor-widget-container\">\n\t\t\t\t\t\t\t<div class=\"elementor-divider\">\n\t\t\t<span class=\"elementor-divider-separator\">\n\t\t\t\t\t\t<\/span>\n\t\t<\/div>\n\t\t\t\t\t\t<\/div>\n\t\t\t\t<\/div>\n\t\t\t\t\t<\/div>\n\t\t<\/div>\n\t\t\t\t<div class=\"elementor-column elementor-col-50 elementor-top-column elementor-element elementor-element-22d8302\" data-id=\"22d8302\" data-element_type=\"column\" data-e-type=\"column\">\n\t\t\t<div class=\"elementor-widget-wrap elementor-element-populated\">\n\t\t\t\t\t\t<div class=\"elementor-element elementor-element-21877232 elementor-widget elementor-widget-heading\" data-id=\"21877232\" data-element_type=\"widget\" data-e-type=\"widget\" data-widget_type=\"heading.default\">\n\t\t\t\t<div class=\"elementor-widget-container\">\n\t\t\t\t\t<h5 class=\"elementor-heading-title elementor-size-default\">WORLD TREND<\/h5>\t\t\t\t<\/div>\n\t\t\t\t<\/div>\n\t\t\t\t<div class=\"elementor-element elementor-element-7b2ba609 elementor-widget elementor-widget-heading\" data-id=\"7b2ba609\" data-element_type=\"widget\" data-e-type=\"widget\" data-widget_type=\"heading.default\">\n\t\t\t\t<div class=\"elementor-widget-container\">\n\t\t\t\t\t<h4 class=\"elementor-heading-title elementor-size-default\">Crispy structure<\/h4>\t\t\t\t<\/div>\n\t\t\t\t<\/div>\n\t\t\t\t<div class=\"elementor-element elementor-element-100f5db elementor-widget elementor-widget-text-editor\" data-id=\"100f5db\" data-element_type=\"widget\" data-e-type=\"widget\" data-widget_type=\"text-editor.default\">\n\t\t\t\t<div class=\"elementor-widget-container\">\n\t\t\t\t\t\t\t\t\t<p>Because lyophilized means it retains more than 97% of its nutrients, it is about as healthy as it is fresh. Fiber levels are also maintained.<\/p><p>The crunchy texture created during freeze-drying is one of the most appealing properties of the final product and turns the fruit into something wonderfully different and when we grind it into a fine powder we get a versatile product for everyday use in almost all dishes.<\/p>\t\t\t\t\t\t\t\t<\/div>\n\t\t\t\t<\/div>\n\t\t\t\t\t<\/div>\n\t\t<\/div>\n\t\t\t\t\t<\/div>\n\t\t<\/section>\n\t\t\t\t<section class=\"elementor-section elementor-top-section elementor-element elementor-element-4112453d elementor-section-content-middle elementor-section-boxed elementor-section-height-default elementor-section-height-default\" data-id=\"4112453d\" data-element_type=\"section\" data-e-type=\"section\">\n\t\t\t\t\t\t<div class=\"elementor-container elementor-column-gap-no\">\n\t\t\t\t\t<div class=\"elementor-column elementor-col-33 elementor-top-column elementor-element elementor-element-3ec1350\" data-id=\"3ec1350\" data-element_type=\"column\" data-e-type=\"column\">\n\t\t\t<div class=\"elementor-widget-wrap elementor-element-populated\">\n\t\t\t\t\t\t<div class=\"elementor-element elementor-element-6231fd12 elementor-widget elementor-widget-text-editor\" data-id=\"6231fd12\" data-element_type=\"widget\" data-e-type=\"widget\" data-widget_type=\"text-editor.default\">\n\t\t\t\t<div class=\"elementor-widget-container\">\n\t\t\t\t\t\t\t\t\t<p>ALMOST WITHOUT EXPIRY DATE<\/p>\t\t\t\t\t\t\t\t<\/div>\n\t\t\t\t<\/div>\n\t\t\t\t<div class=\"elementor-element elementor-element-12772139 elementor-widget elementor-widget-heading\" data-id=\"12772139\" data-element_type=\"widget\" data-e-type=\"widget\" data-widget_type=\"heading.default\">\n\t\t\t\t<div class=\"elementor-widget-container\">\n\t\t\t\t\t<h3 class=\"elementor-heading-title elementor-size-default\">Super food<\/h3>\t\t\t\t<\/div>\n\t\t\t\t<\/div>\n\t\t\t\t<div class=\"elementor-element elementor-element-356a20e7 elementor-widget elementor-widget-image\" data-id=\"356a20e7\" data-element_type=\"widget\" data-e-type=\"widget\" data-widget_type=\"image.default\">\n\t\t\t\t<div class=\"elementor-widget-container\">\n\t\t\t\t\t\t\t\t\t\t\t\t\t\t\t<img decoding=\"async\" width=\"800\" height=\"800\" src=\"https:\/\/scherz.pro\/wp-content\/uploads\/2022\/02\/velik_liofilizator.jpg\" class=\"elementor-animation-grow attachment-large size-large wp-image-683\" alt=\"velik_liofilizator\" srcset=\"https:\/\/scherz.pro\/wp-content\/uploads\/2022\/02\/velik_liofilizator.jpg 900w, https:\/\/scherz.pro\/wp-content\/uploads\/2022\/02\/velik_liofilizator-300x300.jpg 300w, https:\/\/scherz.pro\/wp-content\/uploads\/2022\/02\/velik_liofilizator-150x150.jpg 150w, https:\/\/scherz.pro\/wp-content\/uploads\/2022\/02\/velik_liofilizator-768x768.jpg 768w, https:\/\/scherz.pro\/wp-content\/uploads\/2022\/02\/velik_liofilizator-600x600.jpg 600w, https:\/\/scherz.pro\/wp-content\/uploads\/2022\/02\/velik_liofilizator-100x100.jpg 100w\" sizes=\"(max-width: 800px) 100vw, 800px\" \/>\t\t\t\t\t\t\t\t\t\t\t\t\t\t\t<\/div>\n\t\t\t\t<\/div>\n\t\t\t\t\t<\/div>\n\t\t<\/div>\n\t\t\t\t<div class=\"elementor-column elementor-col-33 elementor-top-column elementor-element elementor-element-2b97dd00\" data-id=\"2b97dd00\" data-element_type=\"column\" data-e-type=\"column\">\n\t\t\t<div class=\"elementor-widget-wrap elementor-element-populated\">\n\t\t\t\t\t\t<div class=\"elementor-element elementor-element-3e9ea26c elementor-widget elementor-widget-image\" data-id=\"3e9ea26c\" data-element_type=\"widget\" data-e-type=\"widget\" data-widget_type=\"image.default\">\n\t\t\t\t<div class=\"elementor-widget-container\">\n\t\t\t\t\t\t\t\t\t\t\t\t\t\t\t<img loading=\"lazy\" decoding=\"async\" width=\"800\" height=\"800\" src=\"https:\/\/scherz.pro\/wp-content\/uploads\/2022\/02\/mali_liofilizator-1024x1024.jpg\" class=\"elementor-animation-grow attachment-large size-large wp-image-681\" alt=\"mali_liofilizator\" srcset=\"https:\/\/scherz.pro\/wp-content\/uploads\/2022\/02\/mali_liofilizator-1024x1024.jpg 1024w, https:\/\/scherz.pro\/wp-content\/uploads\/2022\/02\/mali_liofilizator-300x300.jpg 300w, https:\/\/scherz.pro\/wp-content\/uploads\/2022\/02\/mali_liofilizator-150x150.jpg 150w, https:\/\/scherz.pro\/wp-content\/uploads\/2022\/02\/mali_liofilizator-768x768.jpg 768w, https:\/\/scherz.pro\/wp-content\/uploads\/2022\/02\/mali_liofilizator-600x600.jpg 600w, https:\/\/scherz.pro\/wp-content\/uploads\/2022\/02\/mali_liofilizator-100x100.jpg 100w, https:\/\/scherz.pro\/wp-content\/uploads\/2022\/02\/mali_liofilizator.jpg 1200w\" sizes=\"(max-width: 800px) 100vw, 800px\" \/>\t\t\t\t\t\t\t\t\t\t\t\t\t\t\t<\/div>\n\t\t\t\t<\/div>\n\t\t\t\t<div class=\"elementor-element elementor-element-73e7b4be elementor-widget elementor-widget-text-editor\" data-id=\"73e7b4be\" data-element_type=\"widget\" data-e-type=\"widget\" data-widget_type=\"text-editor.default\">\n\t\t\t\t<div class=\"elementor-widget-container\">\n\t\t\t\t\t\t\t\t\t<p>Once you discover freeze dried foods, there is no going back!<\/p>\t\t\t\t\t\t\t\t<\/div>\n\t\t\t\t<\/div>\n\t\t\t\t\t<\/div>\n\t\t<\/div>\n\t\t\t\t<div class=\"elementor-column elementor-col-33 elementor-top-column elementor-element elementor-element-4cc411bb\" data-id=\"4cc411bb\" data-element_type=\"column\" data-e-type=\"column\">\n\t\t\t<div class=\"elementor-widget-wrap elementor-element-populated\">\n\t\t\t\t\t\t<div class=\"elementor-element elementor-element-6f91a6b2 elementor-widget elementor-widget-image\" data-id=\"6f91a6b2\" data-element_type=\"widget\" data-e-type=\"widget\" data-widget_type=\"image.default\">\n\t\t\t\t<div class=\"elementor-widget-container\">\n\t\t\t\t\t\t\t\t\t\t\t\t\t\t\t<img loading=\"lazy\" decoding=\"async\" width=\"1512\" height=\"1512\" src=\"https:\/\/scherz.pro\/wp-content\/uploads\/2022\/02\/lemon_pakiranje_posip.jpg\" class=\"elementor-animation-grow attachment-full size-full wp-image-686\" alt=\"lemon_pakiranje_posip\" srcset=\"https:\/\/scherz.pro\/wp-content\/uploads\/2022\/02\/lemon_pakiranje_posip.jpg 1512w, https:\/\/scherz.pro\/wp-content\/uploads\/2022\/02\/lemon_pakiranje_posip-300x300.jpg 300w, https:\/\/scherz.pro\/wp-content\/uploads\/2022\/02\/lemon_pakiranje_posip-1024x1024.jpg 1024w, https:\/\/scherz.pro\/wp-content\/uploads\/2022\/02\/lemon_pakiranje_posip-150x150.jpg 150w, https:\/\/scherz.pro\/wp-content\/uploads\/2022\/02\/lemon_pakiranje_posip-768x768.jpg 768w, https:\/\/scherz.pro\/wp-content\/uploads\/2022\/02\/lemon_pakiranje_posip-1320x1320.jpg 1320w, https:\/\/scherz.pro\/wp-content\/uploads\/2022\/02\/lemon_pakiranje_posip-600x600.jpg 600w, https:\/\/scherz.pro\/wp-content\/uploads\/2022\/02\/lemon_pakiranje_posip-100x100.jpg 100w\" sizes=\"(max-width: 1512px) 100vw, 1512px\" \/>\t\t\t\t\t\t\t\t\t\t\t\t\t\t\t<\/div>\n\t\t\t\t<\/div>\n\t\t\t\t\t<\/div>\n\t\t<\/div>\n\t\t\t\t\t<\/div>\n\t\t<\/section>\n\t\t\t\t<\/div>","protected":false},"excerpt":{"rendered":"<p>Liofilizacija ve\u010d kot trend Ohranjamo vitamine in minerale Ko je \u017eivilo podvr\u017eeno procesu liofilizacije, je to na\u010din odstranjevanja vlage s katero se hkrati ohrani hranilna vrednost \u017eivila. Obi\u010dajno su\u0161enje \u010dilija, \u0161e posebej pri vi\u0161jih temperaturah, lahko privede do razgradnje vitaminov in zmanj\u0161a koristi, ki jih telo dobi od u\u017eivanja, pokvari aromo, potemni barvo, uni\u010di okus [&hellip;]<\/p>\n","protected":false},"author":2,"featured_media":0,"parent":0,"menu_order":0,"comment_status":"closed","ping_status":"closed","template":"","meta":{"footnotes":""},"class_list":["post-535","page","type-page","status-publish","hentry"],"_links":{"self":[{"href":"https:\/\/scherz.pro\/en\/wp-json\/wp\/v2\/pages\/535","targetHints":{"allow":["GET"]}}],"collection":[{"href":"https:\/\/scherz.pro\/en\/wp-json\/wp\/v2\/pages"}],"about":[{"href":"https:\/\/scherz.pro\/en\/wp-json\/wp\/v2\/types\/page"}],"author":[{"embeddable":true,"href":"https:\/\/scherz.pro\/en\/wp-json\/wp\/v2\/users\/2"}],"replies":[{"embeddable":true,"href":"https:\/\/scherz.pro\/en\/wp-json\/wp\/v2\/comments?post=535"}],"version-history":[{"count":37,"href":"https:\/\/scherz.pro\/en\/wp-json\/wp\/v2\/pages\/535\/revisions"}],"predecessor-version":[{"id":966,"href":"https:\/\/scherz.pro\/en\/wp-json\/wp\/v2\/pages\/535\/revisions\/966"}],"wp:attachment":[{"href":"https:\/\/scherz.pro\/en\/wp-json\/wp\/v2\/media?parent=535"}],"curies":[{"name":"wp","href":"https:\/\/api.w.org\/{rel}","templated":true}]}}