{"id":786,"date":"2022-02-04T12:14:20","date_gmt":"2022-02-04T11:14:20","guid":{"rendered":"https:\/\/scherz.pro\/?page_id=786"},"modified":"2022-02-04T12:19:33","modified_gmt":"2022-02-04T11:19:33","slug":"recepti","status":"publish","type":"page","link":"https:\/\/scherz.pro\/en\/recepti\/","title":{"rendered":"Recipes"},"content":{"rendered":"<div data-elementor-type=\"wp-page\" data-elementor-id=\"786\" class=\"elementor elementor-786\" data-elementor-post-type=\"page\">\n\t\t\t\t\t\t<section class=\"elementor-section elementor-top-section elementor-element elementor-element-628a4cd0 elementor-reverse-mobile elementor-section-boxed elementor-section-height-default elementor-section-height-default\" data-id=\"628a4cd0\" data-element_type=\"section\" data-e-type=\"section\" data-settings=\"{&quot;background_background&quot;:&quot;classic&quot;}\">\n\t\t\t\t\t\t<div class=\"elementor-container elementor-column-gap-default\">\n\t\t\t\t\t<div class=\"elementor-column elementor-col-50 elementor-top-column elementor-element elementor-element-7321a213\" data-id=\"7321a213\" data-element_type=\"column\" data-e-type=\"column\">\n\t\t\t<div class=\"elementor-widget-wrap elementor-element-populated\">\n\t\t\t\t\t\t<div class=\"elementor-element elementor-element-29ba6b80 elementor-widget elementor-widget-heading\" data-id=\"29ba6b80\" data-element_type=\"widget\" data-e-type=\"widget\" data-widget_type=\"heading.default\">\n\t\t\t\t<div class=\"elementor-widget-container\">\n\t\t\t\t\t<h1 class=\"elementor-heading-title elementor-size-default\">Recipes<\/h1>\t\t\t\t<\/div>\n\t\t\t\t<\/div>\n\t\t\t\t<div class=\"elementor-element elementor-element-74e972f6 elementor-widget-divider--view-line elementor-widget elementor-widget-divider\" data-id=\"74e972f6\" data-element_type=\"widget\" data-e-type=\"widget\" data-widget_type=\"divider.default\">\n\t\t\t\t<div class=\"elementor-widget-container\">\n\t\t\t\t\t\t\t<div class=\"elementor-divider\">\n\t\t\t<span class=\"elementor-divider-separator\">\n\t\t\t\t\t\t<\/span>\n\t\t<\/div>\n\t\t\t\t\t\t<\/div>\n\t\t\t\t<\/div>\n\t\t\t\t<div class=\"elementor-element elementor-element-65bc3218 elementor-hidden-tablet elementor-hidden-mobile_extra elementor-hidden-mobile elementor-widget elementor-widget-spacer\" data-id=\"65bc3218\" data-element_type=\"widget\" data-e-type=\"widget\" data-widget_type=\"spacer.default\">\n\t\t\t\t<div class=\"elementor-widget-container\">\n\t\t\t\t\t\t\t<div class=\"elementor-spacer\">\n\t\t\t<div class=\"elementor-spacer-inner\"><\/div>\n\t\t<\/div>\n\t\t\t\t\t\t<\/div>\n\t\t\t\t<\/div>\n\t\t\t\t\t<\/div>\n\t\t<\/div>\n\t\t\t\t<div class=\"elementor-column elementor-col-50 elementor-top-column elementor-element elementor-element-a044243\" data-id=\"a044243\" data-element_type=\"column\" data-e-type=\"column\">\n\t\t\t<div class=\"elementor-widget-wrap elementor-element-populated\">\n\t\t\t\t\t\t<div class=\"elementor-element elementor-element-37cc159 elementor-widget elementor-widget-spacer\" data-id=\"37cc159\" data-element_type=\"widget\" data-e-type=\"widget\" data-widget_type=\"spacer.default\">\n\t\t\t\t<div class=\"elementor-widget-container\">\n\t\t\t\t\t\t\t<div class=\"elementor-spacer\">\n\t\t\t<div class=\"elementor-spacer-inner\"><\/div>\n\t\t<\/div>\n\t\t\t\t\t\t<\/div>\n\t\t\t\t<\/div>\n\t\t\t\t\t<\/div>\n\t\t<\/div>\n\t\t\t\t\t<\/div>\n\t\t<\/section>\n\t\t\t\t<section class=\"elementor-section elementor-top-section elementor-element elementor-element-e7d51ec elementor-section-boxed elementor-section-height-default elementor-section-height-default\" data-id=\"e7d51ec\" data-element_type=\"section\" data-e-type=\"section\">\n\t\t\t\t\t\t<div class=\"elementor-container elementor-column-gap-default\">\n\t\t\t\t\t<div class=\"elementor-column elementor-col-100 elementor-top-column elementor-element elementor-element-42da0d8\" data-id=\"42da0d8\" data-element_type=\"column\" data-e-type=\"column\">\n\t\t\t<div class=\"elementor-widget-wrap elementor-element-populated\">\n\t\t\t\t\t\t<div class=\"elementor-element elementor-element-264afe5 elementor-grid-3 elementor-grid-tablet-2 elementor-grid-mobile-1 elementor-posts--thumbnail-top elementor-card-shadow-yes elementor-posts__hover-gradient elementor-widget elementor-widget-posts\" data-id=\"264afe5\" data-element_type=\"widget\" data-e-type=\"widget\" data-settings=\"{&quot;cards_columns&quot;:&quot;3&quot;,&quot;cards_columns_tablet&quot;:&quot;2&quot;,&quot;cards_columns_mobile&quot;:&quot;1&quot;,&quot;cards_row_gap&quot;:{&quot;unit&quot;:&quot;px&quot;,&quot;size&quot;:35,&quot;sizes&quot;:[]},&quot;cards_row_gap_laptop&quot;:{&quot;unit&quot;:&quot;px&quot;,&quot;size&quot;:&quot;&quot;,&quot;sizes&quot;:[]},&quot;cards_row_gap_tablet&quot;:{&quot;unit&quot;:&quot;px&quot;,&quot;size&quot;:&quot;&quot;,&quot;sizes&quot;:[]},&quot;cards_row_gap_mobile_extra&quot;:{&quot;unit&quot;:&quot;px&quot;,&quot;size&quot;:&quot;&quot;,&quot;sizes&quot;:[]},&quot;cards_row_gap_mobile&quot;:{&quot;unit&quot;:&quot;px&quot;,&quot;size&quot;:&quot;&quot;,&quot;sizes&quot;:[]}}\" data-widget_type=\"posts.cards\">\n\t\t\t\t<div class=\"elementor-widget-container\">\n\t\t\t\t\t\t\t<div class=\"elementor-posts-container elementor-posts elementor-posts--skin-cards elementor-grid\" role=\"list\">\n\t\t\t\t<article class=\"elementor-post elementor-grid-item post-881 post type-post status-publish format-standard has-post-thumbnail hentry category-recepti\" role=\"listitem\">\n\t\t\t<div class=\"elementor-post__card\">\n\t\t\t\t<a class=\"elementor-post__thumbnail__link\" href=\"https:\/\/scherz.pro\/en\/pekoca-bucna-juha-po-indijsko\/\" tabindex=\"-1\" ><div class=\"elementor-post__thumbnail\"><img fetchpriority=\"high\" decoding=\"async\" width=\"300\" height=\"219\" src=\"https:\/\/scherz.pro\/wp-content\/uploads\/2022\/01\/Bucna-juha-300x219.jpg\" class=\"attachment-medium size-medium wp-image-326\" alt=\"Bu\u010dna juha\" srcset=\"https:\/\/scherz.pro\/wp-content\/uploads\/2022\/01\/Bucna-juha-300x219.jpg 300w, https:\/\/scherz.pro\/wp-content\/uploads\/2022\/01\/Bucna-juha-768x561.jpg 768w, https:\/\/scherz.pro\/wp-content\/uploads\/2022\/01\/Bucna-juha-600x438.jpg 600w, https:\/\/scherz.pro\/wp-content\/uploads\/2022\/01\/Bucna-juha.jpg 800w\" sizes=\"(max-width: 300px) 100vw, 300px\" \/><\/div><\/a>\n\t\t\t\t<div class=\"elementor-post__badge\">Recipes<\/div>\n\t\t\t\t<div class=\"elementor-post__text\">\n\t\t\t\t<h3 class=\"elementor-post__title\">\n\t\t\t<a href=\"https:\/\/scherz.pro\/en\/pekoca-bucna-juha-po-indijsko\/\" >\n\t\t\t\tSpicy pumpkin soup Indian style\t\t\t<\/a>\n\t\t<\/h3>\n\t\t\t\t<div class=\"elementor-post__excerpt\">\n\t\t\t<p>Indian cuisine also has its hidden charms and one of them is our spicy pumpkin soup, which will not leave anyone indifferent.<\/p>\n\t\t<\/div>\n\t\t\n\t\t<a class=\"elementor-post__read-more\" href=\"https:\/\/scherz.pro\/en\/pekoca-bucna-juha-po-indijsko\/\" aria-label=\"Read more about Peko\u010da bu\u010dna juha po Indijsko\" tabindex=\"-1\" >\n\t\t\tStart with the preparation&gt;\t\t<\/a>\n\n\t\t\t\t<\/div>\n\t\t\t\t\t<\/div>\n\t\t<\/article>\n\t\t\t\t<article class=\"elementor-post elementor-grid-item post-879 post type-post status-publish format-standard has-post-thumbnail hentry category-recepti\" role=\"listitem\">\n\t\t\t<div class=\"elementor-post__card\">\n\t\t\t\t<a class=\"elementor-post__thumbnail__link\" href=\"https:\/\/scherz.pro\/en\/alio-olio-e-peperoncino\/\" tabindex=\"-1\" ><div class=\"elementor-post__thumbnail\"><img decoding=\"async\" width=\"300\" height=\"200\" src=\"https:\/\/scherz.pro\/wp-content\/uploads\/2022\/01\/Alio-Olia-300x200.jpg\" class=\"attachment-medium size-medium wp-image-330\" alt=\"\" srcset=\"https:\/\/scherz.pro\/wp-content\/uploads\/2022\/01\/Alio-Olia-300x200.jpg 300w, https:\/\/scherz.pro\/wp-content\/uploads\/2022\/01\/Alio-Olia-768x512.jpg 768w, https:\/\/scherz.pro\/wp-content\/uploads\/2022\/01\/Alio-Olia-600x400.jpg 600w, https:\/\/scherz.pro\/wp-content\/uploads\/2022\/01\/Alio-Olia.jpg 800w\" sizes=\"(max-width: 300px) 100vw, 300px\" \/><\/div><\/a>\n\t\t\t\t<div class=\"elementor-post__badge\">Recipes<\/div>\n\t\t\t\t<div class=\"elementor-post__text\">\n\t\t\t\t<h3 class=\"elementor-post__title\">\n\t\t\t<a href=\"https:\/\/scherz.pro\/en\/alio-olio-e-peperoncino\/\" >\n\t\t\t\tAlio olio e peperoncino\t\t\t<\/a>\n\t\t<\/h3>\n\t\t\t\t<div class=\"elementor-post__excerpt\">\n\t\t\t<p>Alio olio e peperoncino\nThis time, the flavors will not take us to the other end of the world, just across the border, to our neighbors, as we will tackle the classics of Italian cuisine.<\/p>\n\t\t<\/div>\n\t\t\n\t\t<a class=\"elementor-post__read-more\" href=\"https:\/\/scherz.pro\/en\/alio-olio-e-peperoncino\/\" aria-label=\"Read more about Alio olio e peperoncino\" tabindex=\"-1\" >\n\t\t\tStart with the preparation&gt;\t\t<\/a>\n\n\t\t\t\t<\/div>\n\t\t\t\t\t<\/div>\n\t\t<\/article>\n\t\t\t\t<article class=\"elementor-post elementor-grid-item post-877 post type-post status-publish format-standard has-post-thumbnail hentry category-recepti\" role=\"listitem\">\n\t\t\t<div class=\"elementor-post__card\">\n\t\t\t\t<a class=\"elementor-post__thumbnail__link\" href=\"https:\/\/scherz.pro\/en\/burrito\/\" tabindex=\"-1\" ><div class=\"elementor-post__thumbnail\"><img decoding=\"async\" width=\"300\" height=\"193\" src=\"https:\/\/scherz.pro\/wp-content\/uploads\/2022\/01\/Burrito-300x193.jpg\" class=\"attachment-medium size-medium wp-image-331\" alt=\"Burrito\" srcset=\"https:\/\/scherz.pro\/wp-content\/uploads\/2022\/01\/Burrito-300x193.jpg 300w, https:\/\/scherz.pro\/wp-content\/uploads\/2022\/01\/Burrito-768x493.jpg 768w, https:\/\/scherz.pro\/wp-content\/uploads\/2022\/01\/Burrito-600x386.jpg 600w, https:\/\/scherz.pro\/wp-content\/uploads\/2022\/01\/Burrito.jpg 800w\" sizes=\"(max-width: 300px) 100vw, 300px\" \/><\/div><\/a>\n\t\t\t\t<div class=\"elementor-post__badge\">Recipes<\/div>\n\t\t\t\t<div class=\"elementor-post__text\">\n\t\t\t\t<h3 class=\"elementor-post__title\">\n\t\t\t<a href=\"https:\/\/scherz.pro\/en\/burrito\/\" >\n\t\t\t\tBurrito\t\t\t<\/a>\n\t\t<\/h3>\n\t\t\t\t<div class=\"elementor-post__excerpt\">\n\t\t\t<p>We all know the famous burrito very well, which is often on the local menu in Slovenia as well. It is a dish that is practically ideal for seasoning with chili sprinkles. Let the flavors take you to distant places this time!<\/p>\n\t\t<\/div>\n\t\t\n\t\t<a class=\"elementor-post__read-more\" href=\"https:\/\/scherz.pro\/en\/burrito\/\" aria-label=\"Read more about Burrito\" tabindex=\"-1\" >\n\t\t\tStart with the preparation&gt;\t\t<\/a>\n\n\t\t\t\t<\/div>\n\t\t\t\t\t<\/div>\n\t\t<\/article>\n\t\t\t\t<article class=\"elementor-post elementor-grid-item post-875 post type-post status-publish format-standard has-post-thumbnail hentry category-recepti\" role=\"listitem\">\n\t\t\t<div class=\"elementor-post__card\">\n\t\t\t\t<a class=\"elementor-post__thumbnail__link\" href=\"https:\/\/scherz.pro\/en\/pekoce-kokice\/\" tabindex=\"-1\" ><div class=\"elementor-post__thumbnail\"><img loading=\"lazy\" decoding=\"async\" width=\"300\" height=\"217\" src=\"https:\/\/scherz.pro\/wp-content\/uploads\/2022\/01\/Pekoce-kokice-300x217.jpg\" class=\"attachment-medium size-medium wp-image-332\" alt=\"Peko\u010de kokice\" srcset=\"https:\/\/scherz.pro\/wp-content\/uploads\/2022\/01\/Pekoce-kokice-300x217.jpg 300w, https:\/\/scherz.pro\/wp-content\/uploads\/2022\/01\/Pekoce-kokice-768x555.jpg 768w, https:\/\/scherz.pro\/wp-content\/uploads\/2022\/01\/Pekoce-kokice-600x434.jpg 600w, https:\/\/scherz.pro\/wp-content\/uploads\/2022\/01\/Pekoce-kokice.jpg 800w\" sizes=\"(max-width: 300px) 100vw, 300px\" \/><\/div><\/a>\n\t\t\t\t<div class=\"elementor-post__badge\">Recipes<\/div>\n\t\t\t\t<div class=\"elementor-post__text\">\n\t\t\t\t<h3 class=\"elementor-post__title\">\n\t\t\t<a href=\"https:\/\/scherz.pro\/en\/pekoce-kokice\/\" >\n\t\t\t\tSpicy popcorn\t\t\t<\/a>\n\t\t<\/h3>\n\t\t\t\t<div class=\"elementor-post__excerpt\">\n\t\t\t<p>Fast, easy and exciting. Ordinary popcorn is great, we love it too, but why stay with it? We can spice up any dish, even a simple snack like popcorn.<\/p>\n\t\t<\/div>\n\t\t\n\t\t<a class=\"elementor-post__read-more\" href=\"https:\/\/scherz.pro\/en\/pekoce-kokice\/\" aria-label=\"Read more about Peko\u010de kokice\" tabindex=\"-1\" >\n\t\t\tStart with the preparation&gt;\t\t<\/a>\n\n\t\t\t\t<\/div>\n\t\t\t\t\t<\/div>\n\t\t<\/article>\n\t\t\t\t<article class=\"elementor-post elementor-grid-item post-872 post type-post status-publish format-standard has-post-thumbnail hentry category-recepti\" role=\"listitem\">\n\t\t\t<div class=\"elementor-post__card\">\n\t\t\t\t<a class=\"elementor-post__thumbnail__link\" href=\"https:\/\/scherz.pro\/en\/ameriske-pekoce-perutnicke\/\" tabindex=\"-1\" ><div class=\"elementor-post__thumbnail\"><img loading=\"lazy\" decoding=\"async\" width=\"300\" height=\"200\" src=\"https:\/\/scherz.pro\/wp-content\/uploads\/2022\/01\/Pekoce-perutnicke-300x200.jpg\" class=\"attachment-medium size-medium wp-image-333\" alt=\"\" srcset=\"https:\/\/scherz.pro\/wp-content\/uploads\/2022\/01\/Pekoce-perutnicke-300x200.jpg 300w, https:\/\/scherz.pro\/wp-content\/uploads\/2022\/01\/Pekoce-perutnicke-768x512.jpg 768w, https:\/\/scherz.pro\/wp-content\/uploads\/2022\/01\/Pekoce-perutnicke-600x400.jpg 600w, https:\/\/scherz.pro\/wp-content\/uploads\/2022\/01\/Pekoce-perutnicke.jpg 800w\" sizes=\"(max-width: 300px) 100vw, 300px\" \/><\/div><\/a>\n\t\t\t\t<div class=\"elementor-post__badge\">Recipes<\/div>\n\t\t\t\t<div class=\"elementor-post__text\">\n\t\t\t\t<h3 class=\"elementor-post__title\">\n\t\t\t<a href=\"https:\/\/scherz.pro\/en\/ameriske-pekoce-perutnicke\/\" >\n\t\t\t\tAmerican spicy chicken wings\t\t\t<\/a>\n\t\t<\/h3>\n\t\t\t\t<div class=\"elementor-post__excerpt\">\n\t\t\t<p>Hot, crunchy and insanely good! This is how you could describe American-style spicy chicken wings, which will impress your guests so much that they will lick their fingers 3 times after eating.<\/p>\n\t\t<\/div>\n\t\t\n\t\t<a class=\"elementor-post__read-more\" href=\"https:\/\/scherz.pro\/en\/ameriske-pekoce-perutnicke\/\" aria-label=\"Read more about Ameri\u0161ke peko\u010de perutni\u010dke\" tabindex=\"-1\" >\n\t\t\tStart with the preparation&gt;\t\t<\/a>\n\n\t\t\t\t<\/div>\n\t\t\t\t\t<\/div>\n\t\t<\/article>\n\t\t\t\t<article class=\"elementor-post elementor-grid-item post-464 post type-post status-publish format-standard has-post-thumbnail hentry category-recepti\" role=\"listitem\">\n\t\t\t<div class=\"elementor-post__card\">\n\t\t\t\t<a class=\"elementor-post__thumbnail__link\" href=\"https:\/\/scherz.pro\/en\/pad-thai\/\" tabindex=\"-1\" ><div class=\"elementor-post__thumbnail\"><img loading=\"lazy\" decoding=\"async\" width=\"300\" height=\"200\" src=\"https:\/\/scherz.pro\/wp-content\/uploads\/2022\/01\/Pad_Thai-300x200.jpg\" class=\"attachment-medium size-medium wp-image-325\" alt=\"Pad Thai\" srcset=\"https:\/\/scherz.pro\/wp-content\/uploads\/2022\/01\/Pad_Thai-300x200.jpg 300w, https:\/\/scherz.pro\/wp-content\/uploads\/2022\/01\/Pad_Thai-768x512.jpg 768w, https:\/\/scherz.pro\/wp-content\/uploads\/2022\/01\/Pad_Thai-600x400.jpg 600w, https:\/\/scherz.pro\/wp-content\/uploads\/2022\/01\/Pad_Thai.jpg 800w\" sizes=\"(max-width: 300px) 100vw, 300px\" \/><\/div><\/a>\n\t\t\t\t<div class=\"elementor-post__badge\">Recipes<\/div>\n\t\t\t\t<div class=\"elementor-post__text\">\n\t\t\t\t<h3 class=\"elementor-post__title\">\n\t\t\t<a href=\"https:\/\/scherz.pro\/en\/pad-thai\/\" >\n\t\t\t\tPad Thai\t\t\t<\/a>\n\t\t<\/h3>\n\t\t\t\t<div class=\"elementor-post__excerpt\">\n\t\t\t<p>The famous Thai dish, which is increasingly penetrating Slovenian streets and, in a more sophisticated form, also famous cuisine.<\/p>\n\t\t<\/div>\n\t\t\n\t\t<a class=\"elementor-post__read-more\" href=\"https:\/\/scherz.pro\/en\/pad-thai\/\" aria-label=\"Read more about Pad Thai\" tabindex=\"-1\" >\n\t\t\tStart with the preparation&gt;\t\t<\/a>\n\n\t\t\t\t<\/div>\n\t\t\t\t\t<\/div>\n\t\t<\/article>\n\t\t\t\t<\/div>\n\t\t\n\t\t\t\t\t\t<\/div>\n\t\t\t\t<\/div>\n\t\t\t\t\t<\/div>\n\t\t<\/div>\n\t\t\t\t\t<\/div>\n\t\t<\/section>\n\t\t\t\t<\/div>","protected":false},"excerpt":{"rendered":"<p>Recipes<\/p>","protected":false},"author":2,"featured_media":0,"parent":0,"menu_order":0,"comment_status":"closed","ping_status":"closed","template":"","meta":{"footnotes":""},"class_list":["post-786","page","type-page","status-publish","hentry"],"_links":{"self":[{"href":"https:\/\/scherz.pro\/en\/wp-json\/wp\/v2\/pages\/786","targetHints":{"allow":["GET"]}}],"collection":[{"href":"https:\/\/scherz.pro\/en\/wp-json\/wp\/v2\/pages"}],"about":[{"href":"https:\/\/scherz.pro\/en\/wp-json\/wp\/v2\/types\/page"}],"author":[{"embeddable":true,"href":"https:\/\/scherz.pro\/en\/wp-json\/wp\/v2\/users\/2"}],"replies":[{"embeddable":true,"href":"https:\/\/scherz.pro\/en\/wp-json\/wp\/v2\/comments?post=786"}],"version-history":[{"count":7,"href":"https:\/\/scherz.pro\/en\/wp-json\/wp\/v2\/pages\/786\/revisions"}],"predecessor-version":[{"id":793,"href":"https:\/\/scherz.pro\/en\/wp-json\/wp\/v2\/pages\/786\/revisions\/793"}],"wp:attachment":[{"href":"https:\/\/scherz.pro\/en\/wp-json\/wp\/v2\/media?parent=786"}],"curies":[{"name":"wp","href":"https:\/\/api.w.org\/{rel}","templated":true}]}}